{"id":3,"date":"2025-08-24T22:04:44","date_gmt":"2025-08-24T20:04:44","guid":{"rendered":"http:\/\/impaqt.uber.space\/?page_id=3"},"modified":"2025-09-11T16:59:11","modified_gmt":"2025-09-11T14:59:11","slug":"datenschutz","status":"publish","type":"page","link":"https:\/\/impaqt.team\/en\/datenschutz\/","title":{"rendered":"Privacy Policy"},"content":{"rendered":"<p class=\"has-medium-font-size\" style=\"margin-top:0;margin-bottom:0\">Status: 10.09.2025<\/p>\n\n\n\n<div style=\"height:24px\" aria-hidden=\"true\" class=\"wp-block-spacer\"><\/div>\n\n\n\n<p class=\"has-medium-font-size\" style=\"margin-top:0;margin-bottom:0\"><strong>Privacy policy for the use of the company website of our impaQt GmbH<\/strong><\/p>\n\n\n\n<div style=\"height:24px\" aria-hidden=\"true\" class=\"wp-block-spacer\"><\/div>\n\n\n\n<p class=\"has-medium-font-size\" style=\"margin-top:0;margin-bottom:0\">As a visitor to our company website, we respect and protect your privacy. The protection of your personal data is our top priority. Our website does not collect any personal data, does not use cookies and does not use tracking, analysis or advertising tools. Therefore, no storage or evaluation of visitor data takes place.&nbsp;<strong>keine personenbezogenen Daten<\/strong>, setzt&nbsp;<strong>keine Cookies<\/strong>&nbsp;und verzichtet auf&nbsp;<strong>Tracking<\/strong>&nbsp;sowie die Verwendung von Analyse- oder Werbetools. Daher findet keine Speicherung oder Auswertung von Besucherdaten statt.<\/p>\n\n\n\n<div style=\"height:24px\" aria-hidden=\"true\" class=\"wp-block-spacer\"><\/div>\n\n\n\n<p class=\"has-medium-font-size translation-block\" style=\"margin-top:0;margin-bottom:0\">When you visit our website, only the IP address of your device and other connection data are processed by the web server for technical reasons. This data is required to establish the internet connection and is not stored or processed further.<\/p>\n\n\n\n<div style=\"height:24px\" aria-hidden=\"true\" class=\"wp-block-spacer\"><\/div>\n\n\n\n<p class=\"has-medium-font-size\" style=\"margin-top:0;margin-bottom:0\">No user accounts are offered or used. You can therefore use our website completely anonymously.<\/p>\n\n\n\n<div style=\"height:24px\" aria-hidden=\"true\" class=\"wp-block-spacer\"><\/div>\n\n\n\n<p class=\"has-medium-font-size\" style=\"margin-top:0;margin-bottom:0\"><strong>Links to social media sites<\/strong><\/p>\n\n\n\n<div style=\"height:24px\" aria-hidden=\"true\" class=\"wp-block-spacer\"><\/div>\n\n\n\n<p class=\"has-medium-font-size\" style=\"margin-top:0;margin-bottom:0\">Our website may contain links to social media platforms. Data is only transmitted when you actively click on the respective link.<\/p>\n\n\n\n<div style=\"height:24px\" aria-hidden=\"true\" class=\"wp-block-spacer\"><\/div>\n\n\n\n<p class=\"has-medium-font-size\" style=\"margin-top:0;margin-bottom:0\"><strong>Who is responsible for data processing and who can you contact?<\/strong><\/p>\n\n\n\n<div style=\"height:24px\" aria-hidden=\"true\" class=\"wp-block-spacer\"><\/div>\n\n\n\n<p class=\"has-medium-font-size\" style=\"margin-top:0;margin-bottom:0\">Responsible according to Art. 4 para. 7 GDPR:<\/p>\n\n\n\n<div style=\"height:24px\" aria-hidden=\"true\" class=\"wp-block-spacer\"><\/div>\n\n\n\n<p class=\"has-medium-font-size\" style=\"margin-top:0;margin-bottom:0\">our impaQt GmbH<\/p>\n\n\n\n<p class=\"has-medium-font-size\" style=\"margin-top:0;margin-bottom:0\">Managing director: Thomas Ostermann<\/p>\n\n\n\n<p class=\"has-medium-font-size\" style=\"margin-top:0;margin-bottom:0\">Schl\u00fcterstra\u00dfe 37<\/p>\n\n\n\n<p class=\"has-medium-font-size\" style=\"margin-top:0;margin-bottom:0\">10629 Berlin<\/p>\n\n\n\n<div style=\"height:24px\" aria-hidden=\"true\" class=\"wp-block-spacer\"><\/div>\n\n\n\n<p class=\"has-medium-font-size\" style=\"margin-top:0;margin-bottom:0\">If you have any questions about data protection, please contact us at<\/p>\n\n\n\n<p class=\"has-medium-font-size\" style=\"margin-top:0;margin-bottom:0\"><a href=\"mailto:datenschutz@impaQt.team\">datenschutz@impaQt.team<\/a><\/p>\n\n\n\n<div style=\"height:24px\" aria-hidden=\"true\" class=\"wp-block-spacer\"><\/div>\n\n\n\n<p class=\"has-medium-font-size\" style=\"margin-top:0;margin-bottom:0\"><strong>What do we process your data for (purposes of processing and legal basis)?<\/strong><\/p>\n\n\n\n<div style=\"height:24px\" aria-hidden=\"true\" class=\"wp-block-spacer\"><\/div>\n\n\n\n<p class=\"has-medium-font-size\" style=\"margin-top:0;margin-bottom:0\">We process the aforementioned personal data in accordance with the provisions of the EU General Data Protection Regulation (GDPR) and the German Federal Data Protection Act (BDSG):<\/p>\n\n\n\n<div style=\"height:24px\" aria-hidden=\"true\" class=\"wp-block-spacer\"><\/div>\n\n\n\n<p class=\"has-medium-font-size\" style=\"margin-top:0;margin-bottom:0\"><strong>(a) to fulfill contractual or pre-contractual obligations (Article 6 (1) (b) GDPR)<\/strong><\/p>\n\n\n\n<div style=\"height:24px\" aria-hidden=\"true\" class=\"wp-block-spacer\"><\/div>\n\n\n\n<p class=\"has-medium-font-size\" style=\"margin-top:0;margin-bottom:0\">Personal data is processed in order to provide our real estate services as part of the performance of our contracts with you or to take steps at your request prior to entering into a contract.<\/p>\n\n\n\n<div style=\"height:24px\" aria-hidden=\"true\" class=\"wp-block-spacer\"><\/div>\n\n\n\n<p class=\"has-medium-font-size\" style=\"margin-top:0;margin-bottom:0\">The purposes of data processing are primarily based on your specific product\/service interest and may include, among other things, advice on real estate properties, the brokerage of real estate properties, the search for or offer of real estate properties and real estate valuation. In addition, the purposes of data processing may also serve to analyze your needs and check whether a product or service is suitable for you. The purposes are in particular<\/p>\n\n\n\n<div style=\"height:24px\" aria-hidden=\"true\" class=\"wp-block-spacer\"><\/div>\n\n\n\n<p class=\"has-medium-font-size\" style=\"margin-top:0;margin-bottom:0\">- Execution of contractual relationships concluded with you<\/p>\n\n\n\n<p class=\"has-medium-font-size\" style=\"margin-top:0;margin-bottom:0\">- Examination of real estate and real estate offers<\/p>\n\n\n\n<p class=\"has-medium-font-size\" style=\"margin-top:0;margin-bottom:0\">- Answering and processing your inquiries<\/p>\n\n\n\n<p class=\"has-medium-font-size\" style=\"margin-top:0;margin-bottom:0\">- Enabling the contact form on the website<\/p>\n\n\n\n<p class=\"has-medium-font-size\" style=\"margin-top:0;margin-bottom:0\">- Provision of services made available by us (e.g. user accounts such as SharePoint, One-Drive, Teams)<\/p>\n\n\n\n<p class=\"has-medium-font-size\" style=\"margin-top:0;margin-bottom:0\">- Supporting customers and\/or interested parties<\/p>\n\n\n\n<p class=\"has-medium-font-size\" style=\"margin-top:0;margin-bottom:0\">- Documentation and management of customer relationships<\/p>\n\n\n\n<p class=\"has-medium-font-size\" style=\"margin-top:0;margin-bottom:0\">- Customer advice<\/p>\n\n\n\n<p class=\"has-medium-font-size\" style=\"margin-top:0;margin-bottom:0\">- Complaint management<\/p>\n\n\n\n<p class=\"has-medium-font-size\" style=\"margin-top:0;margin-bottom:0\">- Termination of contractual relationships concluded with you<\/p>\n\n\n\n<p class=\"has-medium-font-size\" style=\"margin-top:0;margin-bottom:0\">- Offer of products and services<\/p>\n\n\n\n<div style=\"height:24px\" aria-hidden=\"true\" class=\"wp-block-spacer\"><\/div>\n\n\n\n<p class=\"has-medium-font-size\" style=\"margin-top:0;margin-bottom:0\"><strong>b) On the basis of your consent (Article 6 (1) a) GDPR)<\/strong><\/p>\n\n\n\n<div style=\"height:24px\" aria-hidden=\"true\" class=\"wp-block-spacer\"><\/div>\n\n\n\n<p class=\"has-medium-font-size\" style=\"margin-top:0;margin-bottom:0\">If you have given us your consent to process personal data for specific purposes, the lawfulness of this processing is based on your consent.<\/p>\n\n\n\n<div style=\"height:24px\" aria-hidden=\"true\" class=\"wp-block-spacer\"><\/div>\n\n\n\n<p class=\"has-medium-font-size\" style=\"margin-top:0;margin-bottom:0\">You can withdraw your consent at any time. Please note that the revocation only takes effect for the future. Processing that took place before the revocation is not affected.<\/p>\n\n\n\n<div style=\"height:24px\" aria-hidden=\"true\" class=\"wp-block-spacer\"><\/div>\n\n\n\n<p class=\"has-medium-font-size\" style=\"margin-top:0;margin-bottom:0\">For example, we process your data on the basis of your consent in the following cases:<\/p>\n\n\n\n<div style=\"height:24px\" aria-hidden=\"true\" class=\"wp-block-spacer\"><\/div>\n\n\n\n<p class=\"has-medium-font-size\" style=\"margin-top:0;margin-bottom:0\">- Contacting you (for example by telephone or email)<\/p>\n\n\n\n<div style=\"height:24px\" aria-hidden=\"true\" class=\"wp-block-spacer\"><\/div>\n\n\n\n<p class=\"has-medium-font-size\" style=\"margin-top:0;margin-bottom:0\">We will contact you if you have provided us with your contact details and then use them to contact you.<\/p>\n\n\n\n<div style=\"height:24px\" aria-hidden=\"true\" class=\"wp-block-spacer\"><\/div>\n\n\n\n<p class=\"has-medium-font-size\" style=\"margin-top:0;margin-bottom:0\"><strong>c) Due to legal requirements (Article 6 (1) c) GDPR)<\/strong><\/p>\n\n\n\n<div style=\"height:24px\" aria-hidden=\"true\" class=\"wp-block-spacer\"><\/div>\n\n\n\n<p class=\"has-medium-font-size\" style=\"margin-top:0;margin-bottom:0\">Our company is also subject to various legal obligations, i.e. legal requirements (e.g. from the Money Laundering Act or tax laws). The purposes of processing include the fulfillment of tax control and reporting obligations and the prevention of fraud and money laundering.<\/p>\n\n\n\n<div style=\"height:24px\" aria-hidden=\"true\" class=\"wp-block-spacer\"><\/div>\n\n\n\n<p class=\"has-medium-font-size\" style=\"margin-top:0;margin-bottom:0\"><strong>Who has access to your data?<\/strong><\/p>\n\n\n\n<div style=\"height:24px\" aria-hidden=\"true\" class=\"wp-block-spacer\"><\/div>\n\n\n\n<p class=\"has-medium-font-size\" style=\"margin-top:0;margin-bottom:0\">Within our company, only those departments that need your data to fulfill our contractual and legal obligations, to fulfill your orders, to answer your inquiries and\/or to protect our legitimate interests (e.g. employees (permanent employees and freelance real estate consultants) from customer service, the IT department, the marketing, finance, administration and accounting departments) will have access to your data<\/p>\n\n\n\n<div style=\"height:24px\" aria-hidden=\"true\" class=\"wp-block-spacer\"><\/div>\n\n\n\n<p class=\"has-medium-font-size\" style=\"margin-top:0;margin-bottom:0\">Your data will only be passed on outside our company if this is required by law, if you have given your consent, if this is necessary to fulfill our contractual obligations or your orders, if processors commissioned by us guarantee compliance with the requirements of the EU General Data Protection Regulation\/Federal Data Protection Act in the same way or if there is another legal basis for the transfer. Under these conditions, recipients of personal data may be, for example:<\/p>\n\n\n\n<div style=\"height:24px\" aria-hidden=\"true\" class=\"wp-block-spacer\"><\/div>\n\n\n\n<p class=\"has-medium-font-size\" style=\"margin-top:0;margin-bottom:0\">Public bodies and institutions, supervisory authorities and bodies, judicial\/criminal prosecution authorities, lawyers and notaries and auditors in the event of a legal or official obligation; independent real estate consultants\/brokers; service providers\/processors to whom we transfer personal data in order to carry out the business relationship with you, for example: Support\/maintenance of EDP\/IT applications (e.g. IT service providers or hosting providers, data archiving, data destruction, marketing, printing services, debt collection);&nbsp;<\/p>\n\n\n\n<div style=\"height:24px\" aria-hidden=\"true\" class=\"wp-block-spacer\"><\/div>\n\n\n\n<p class=\"has-medium-font-size\" style=\"margin-top:0;margin-bottom:0\"><strong>Is your data transferred to a third country or to an international organization?<\/strong><\/p>\n\n\n\n<div style=\"height:24px\" aria-hidden=\"true\" class=\"wp-block-spacer\"><\/div>\n\n\n\n<p class=\"has-medium-font-size\" style=\"margin-top:0;margin-bottom:0\">The servers used by our company are located within the European Union.<\/p>\n\n\n\n<div style=\"height:24px\" aria-hidden=\"true\" class=\"wp-block-spacer\"><\/div>\n\n\n\n<p class=\"has-medium-font-size\" style=\"margin-top:0;margin-bottom:0\">Data is only transferred to countries outside the EU or the EEA if this is necessary to carry out your orders, is required by law, if you have given us your consent or as part of commissioned data processing. If service providers or other third parties are used in a third country (a country outside the European Economic Area), they are obliged to comply with the level of data protection in the European Economic Area in addition to written instructions by agreeing the&nbsp;<a href=\"https:\/\/ec.europa.eu\/info\/law\/law-topic\/data-protection\/international-dimension-data-protection\/standard-contractual-clauses-scc_en\">EU standard contractual clauses<\/a>&nbsp;, unless there is another legal basis for the transfer of personal data.&nbsp;<\/p>\n\n\n\n<div style=\"height:24px\" aria-hidden=\"true\" class=\"wp-block-spacer\"><\/div>\n\n\n\n<p class=\"has-medium-font-size\" style=\"margin-top:0;margin-bottom:0\"><strong>How long will your data be stored?<\/strong><\/p>\n\n\n\n<div style=\"height:24px\" aria-hidden=\"true\" class=\"wp-block-spacer\"><\/div>\n\n\n\n<p class=\"has-medium-font-size\" style=\"margin-top:0;margin-bottom:0\">We only store your data for as long as is necessary for the stated purposes or as required by statutory retention periods.<\/p>\n\n\n\n<div style=\"height:24px\" aria-hidden=\"true\" class=\"wp-block-spacer\"><\/div>\n\n\n\n<p class=\"has-medium-font-size\" style=\"margin-top:0;margin-bottom:0\"><strong>What are your rights?<\/strong><\/p>\n\n\n\n<div style=\"height:24px\" aria-hidden=\"true\" class=\"wp-block-spacer\"><\/div>\n\n\n\n<p class=\"has-medium-font-size\" style=\"margin-top:0;margin-bottom:0\">You have the right to:<\/p>\n\n\n\n<div style=\"height:24px\" aria-hidden=\"true\" class=\"wp-block-spacer\"><\/div>\n\n\n\n<p class=\"has-medium-font-size\" style=\"margin-top:0;margin-bottom:0\">- Information (Art. 15 GDPR)<\/p>\n\n\n\n<p class=\"has-medium-font-size\" style=\"margin-top:0;margin-bottom:0\">- Rectification (Art. 16 GDPR)<\/p>\n\n\n\n<p class=\"has-medium-font-size\" style=\"margin-top:0;margin-bottom:0\">- Erasure (Art. 17 GDPR)<\/p>\n\n\n\n<p class=\"has-medium-font-size\" style=\"margin-top:0;margin-bottom:0\">- Restriction of processing (Art. 18 GDPR)<\/p>\n\n\n\n<p class=\"has-medium-font-size\" style=\"margin-top:0;margin-bottom:0\">- Data portability (Art. 20 GDPR)<\/p>\n\n\n\n<p class=\"has-medium-font-size\" style=\"margin-top:0;margin-bottom:0\">- Objection (Art. 21 GDPR)<\/p>\n\n\n\n<div style=\"height:24px\" aria-hidden=\"true\" class=\"wp-block-spacer\"><\/div>\n\n\n\n<p class=\"has-medium-font-size\" style=\"margin-top:0;margin-bottom:0\">You can also withdraw your consent at any time with effect for the future. You have the right to lodge a complaint with the competent data protection supervisory authority.<\/p>\n\n\n\n<p><\/p>","protected":false},"excerpt":{"rendered":"<p>Stand: 10.09.2025 Datenschutzerkl\u00e4rung f\u00fcr die Nutzung der Unternehmensseite der our impaQt GmbH Als Besucher unserer Unternehmensseite respektieren und sch\u00fctzen wir Ihre Privatsph\u00e4re. Der Schutz Ihrer pers\u00f6nlichen Daten hat f\u00fcr uns h\u00f6chste Priorit\u00e4t. Unsere Website erhebt&nbsp;keine personenbezogenen Daten, setzt&nbsp;keine Cookies&nbsp;und verzichtet auf&nbsp;Tracking&nbsp;sowie die Verwendung von Analyse- oder Werbetools. Daher findet keine Speicherung oder Auswertung von Besucherdaten [&hellip;]<\/p>","protected":false},"author":1,"featured_media":0,"parent":0,"menu_order":0,"comment_status":"closed","ping_status":"open","template":"","meta":{"footnotes":""},"class_list":["post-3","page","type-page","status-publish","hentry"],"_links":{"self":[{"href":"https:\/\/impaqt.team\/en\/wp-json\/wp\/v2\/pages\/3","targetHints":{"allow":["GET"]}}],"collection":[{"href":"https:\/\/impaqt.team\/en\/wp-json\/wp\/v2\/pages"}],"about":[{"href":"https:\/\/impaqt.team\/en\/wp-json\/wp\/v2\/types\/page"}],"author":[{"embeddable":true,"href":"https:\/\/impaqt.team\/en\/wp-json\/wp\/v2\/users\/1"}],"replies":[{"embeddable":true,"href":"https:\/\/impaqt.team\/en\/wp-json\/wp\/v2\/comments?post=3"}],"version-history":[{"count":12,"href":"https:\/\/impaqt.team\/en\/wp-json\/wp\/v2\/pages\/3\/revisions"}],"predecessor-version":[{"id":127,"href":"https:\/\/impaqt.team\/en\/wp-json\/wp\/v2\/pages\/3\/revisions\/127"}],"wp:attachment":[{"href":"https:\/\/impaqt.team\/en\/wp-json\/wp\/v2\/media?parent=3"}],"curies":[{"name":"wp","href":"https:\/\/api.w.org\/{rel}","templated":true}]}}